{"id":13,"date":"2022-08-28T17:44:14","date_gmt":"2022-08-28T15:44:14","guid":{"rendered":"https:\/\/data.patrikrosa.sk\/?page_id=13"},"modified":"2022-10-12T21:46:09","modified_gmt":"2022-10-12T19:46:09","slug":"o-stranke","status":"publish","type":"page","link":"https:\/\/data.patrikrosa.sk\/sk\/","title":{"rendered":"About the site"},"content":{"rendered":"<p>\u00dalo\u017eisko d\u00e1t.<\/p>","protected":false},"excerpt":{"rendered":"<p>\u00dalo\u017eisko d\u00e1t.<\/p>","protected":false},"author":1,"featured_media":0,"parent":0,"menu_order":0,"comment_status":"closed","ping_status":"closed","template":"","meta":{"footnotes":""},"class_list":["post-13","page","type-page","status-publish","hentry"],"_links":{"self":[{"href":"https:\/\/data.patrikrosa.sk\/sk\/wp-json\/wp\/v2\/pages\/13","targetHints":{"allow":["GET"]}}],"collection":[{"href":"https:\/\/data.patrikrosa.sk\/sk\/wp-json\/wp\/v2\/pages"}],"about":[{"href":"https:\/\/data.patrikrosa.sk\/sk\/wp-json\/wp\/v2\/types\/page"}],"author":[{"embeddable":true,"href":"https:\/\/data.patrikrosa.sk\/sk\/wp-json\/wp\/v2\/users\/1"}],"replies":[{"embeddable":true,"href":"https:\/\/data.patrikrosa.sk\/sk\/wp-json\/wp\/v2\/comments?post=13"}],"version-history":[{"count":3,"href":"https:\/\/data.patrikrosa.sk\/sk\/wp-json\/wp\/v2\/pages\/13\/revisions"}],"predecessor-version":[{"id":65,"href":"https:\/\/data.patrikrosa.sk\/sk\/wp-json\/wp\/v2\/pages\/13\/revisions\/65"}],"wp:attachment":[{"href":"https:\/\/data.patrikrosa.sk\/sk\/wp-json\/wp\/v2\/media?parent=13"}],"curies":[{"name":"wp","href":"https:\/\/api.w.org\/{rel}","templated":true}]}}