{"id":66,"date":"2022-10-15T22:17:56","date_gmt":"2022-10-15T20:17:56","guid":{"rendered":"https:\/\/data.patrikrosa.sk\/?page_id=66"},"modified":"2022-10-15T22:20:15","modified_gmt":"2022-10-15T20:20:15","slug":"cookie-policy-eu","status":"publish","type":"page","link":"https:\/\/data.patrikrosa.sk\/sk\/cookie-policy-eu\/","title":{"rendered":"Z\u00e1sady pou\u017e\u00edvania s\u00faborov cookie (EU)"},"content":{"rendered":"<p>D\u00e1tum \u00fa\u010dinnosti: 14. okt\u00f3bra 2022<br>Posledn\u00e1 aktualiz\u00e1cia: 14. okt\u00f3bra 2022<\/p>\n\n\n\n<p>Tieto z\u00e1sady pou\u017e\u00edvania s\u00faborov cookie boli naposledy aktualizovan\u00e9 14. okt\u00f3bra 2022 a vz\u0165ahuj\u00fa sa na ob\u010danov a obyvate\u013eov Eur\u00f3pskeho hospod\u00e1rskeho priestoru.<\/p>\n\n\n\n<p style=\"font-size:25px\"><strong>1. \u00davod <\/strong><\/p>\n\n\n\n<p>N\u00e1\u0161 web, <a href=\"https:\/\/Data.PatrikRosa.sk\" target=\"_blank\" rel=\"noreferrer noopener\">https:\/\/Data.PatrikRosa.sk<\/a> (\u010falej len \u201ewebov\u00e1 str\u00e1nka\u201c) pou\u017e\u00edva s\u00fabory cookie a \u010fal\u0161ie s\u00favisiace technol\u00f3gie (v\u0161etky technol\u00f3gie s\u00fa pre pohodlie ozna\u010dovan\u00e9 ako \u201ecookies\u201c). S\u00fabory cookie umiest\u0148uj\u00fa aj tretie strany, ktor\u00e9 sme anga\u017eovali. V ni\u017e\u0161ie uvedenom dokumente v\u00e1s informujeme o pou\u017e\u00edvan\u00ed cookies na na\u0161ej webovej str\u00e1nke.<\/p>\n\n\n\n<p style=\"font-size:25px\"><strong>2. \u010co s\u00fa cookies? <\/strong><\/p>\n\n\n\n<p>S\u00fabor cookie je mal\u00fd jednoduch\u00fd s\u00fabor, ktor\u00fd sa odosiela spolu so str\u00e1nkami tejto webovej lokality a v\u00e1\u0161 prehliada\u010d ho ulo\u017e\u00ed na pevn\u00fd disk v\u00e1\u0161ho po\u010d\u00edta\u010da alebo in\u00e9ho zariadenia. Inform\u00e1cie v nich ulo\u017een\u00e9 m\u00f4\u017eu by\u0165 pri \u010fal\u0161ej n\u00e1v\u0161teve vr\u00e1ten\u00e9 na na\u0161e servery alebo na servery pr\u00edslu\u0161n\u00fdch tret\u00edch str\u00e1n.<\/p>\n\n\n\n<p style=\"font-size:25px\"><strong>3. \u010co s\u00fa skripty? <\/strong><\/p>\n\n\n\n<p>Skript je \u010das\u0165 programovacieho k\u00f3du, ktor\u00fd sa pou\u017e\u00edva na spr\u00e1vne a interakt\u00edvne fungovanie na\u0161ej webovej str\u00e1nky. Tento k\u00f3d sa spust\u00ed na na\u0161om serveri alebo na va\u0161om zariaden\u00ed.<\/p>\n\n\n\n<p style=\"font-size:25px\"><strong>4. \u010co je webov\u00fd maj\u00e1k? <\/strong><\/p>\n\n\n\n<p>Webov\u00fd maj\u00e1k (alebo pixelov\u00e1 zna\u010dka) je mal\u00fd nevidite\u013en\u00fd text alebo obr\u00e1zok na webovej str\u00e1nke, ktor\u00fd sa pou\u017e\u00edva na monitorovanie n\u00e1v\u0161tevnosti webovej str\u00e1nky. Na tento \u00fa\u010del sa pomocou webov\u00fdch maj\u00e1kov ukladaj\u00fa r\u00f4zne \u00fadaje o v\u00e1s.<\/p>\n\n\n\n<p style=\"font-size:25px\"><strong>5. Cookies<\/strong> <\/p>\n\n\n\n<p style=\"font-size:20px\"><strong>5.1 Technick\u00e9 alebo funk\u010dn\u00e9 cookies<\/strong><\/p>\n\n\n\n<p> Niektor\u00e9 s\u00fabory cookie zais\u0165uj\u00fa, \u017ee ur\u010dit\u00e9 \u010dasti webovej str\u00e1nky funguj\u00fa spr\u00e1vne a \u017ee va\u0161e pou\u017e\u00edvate\u013esk\u00e9 preferencie zost\u00e1vaj\u00fa zn\u00e1me. Umiestnen\u00edm funk\u010dn\u00fdch cookies v\u00e1m u\u013eah\u010dujeme n\u00e1v\u0161tevu na\u0161ej webovej str\u00e1nky. Pri n\u00e1v\u0161teve na\u0161ej webovej str\u00e1nky tak nemus\u00edte opakovane zad\u00e1va\u0165 rovnak\u00e9 inform\u00e1cie a napr\u00edklad polo\u017eky zostan\u00fa vo va\u0161om n\u00e1kupnom ko\u0161\u00edku, k\u00fdm nezaplat\u00edte. Tieto cookies m\u00f4\u017eeme umiestni\u0165 bez v\u00e1\u0161ho s\u00fahlasu.<\/p>\n\n\n\n<p style=\"font-size:20px\"><strong>5.2 \u0160tatistick\u00e9 cookies <\/strong><\/p>\n\n\n\n<p>\u0160tatistick\u00e9 cookies pou\u017e\u00edvame na optimaliz\u00e1ciu z\u00e1\u017eitku z webov\u00fdch str\u00e1nok pre na\u0161ich pou\u017e\u00edvate\u013eov. V\u010faka t\u00fdmto \u0161tatistick\u00fdm cookies z\u00edskavame preh\u013ead o pou\u017e\u00edvan\u00ed na\u0161ej webovej str\u00e1nky. \u017diadame v\u00e1s o povolenie umiest\u0148ova\u0165 \u0161tatistick\u00e9 s\u00fabory cookie.<\/p>\n\n\n\n<p style=\"font-size:20px\"><strong>5.3 Marketingov\u00e9\/sledovacie cookies<\/strong> <\/p>\n\n\n\n<p>Marketingov\u00e9\/sledovacie s\u00fabory cookie s\u00fa s\u00fabory cookie alebo ak\u00e1ko\u013evek in\u00e1 forma lok\u00e1lneho \u00falo\u017eiska, ktor\u00e9 sa pou\u017e\u00edvaj\u00fa na vytv\u00e1ranie profilov pou\u017e\u00edvate\u013eov na zobrazovanie reklamy alebo na sledovanie pou\u017e\u00edvate\u013ea na tejto webovej str\u00e1nke alebo nieko\u013ek\u00fdch webov\u00fdch str\u00e1nkach na podobn\u00e9 marketingov\u00e9 \u00fa\u010dely.<\/p>\n\n\n\n<p style=\"font-size:25px\"><strong>6. Umiestnen\u00e9 cookies<\/strong><\/p>\n\n\n\n<p><a rel=\"noreferrer noopener\" href=\"https:\/\/Data.PatrikRosa.sk \u2013 Information is of great value_subory\" target=\"_blank\">Nastavenia s\u00faborov cookie<\/a><\/p>\n\n\n\n<p style=\"font-size:25px\"><strong>7. S\u00fahlas <\/strong><\/p>\n\n\n\n<p>Ke\u010f prv\u00fdkr\u00e1t nav\u0161t\u00edvite na\u0161u webov\u00fa str\u00e1nku, zobraz\u00ed sa v\u00e1m kontextov\u00e9 okno vysvet\u013euj\u00face s\u00fabory cookie. Po kliknut\u00ed na \u201eUlo\u017ei\u0165 predvo\u013eby\u201c s\u00fahlas\u00edte s t\u00fdm, \u017ee budeme pou\u017e\u00edva\u0165 kateg\u00f3rie s\u00faborov cookie a doplnkov, ktor\u00e9 ste si vybrali vo vyskakovacom okne, ako je pop\u00edsan\u00e9 v t\u00fdchto z\u00e1sad\u00e1ch pou\u017e\u00edvania s\u00faborov cookie. Pou\u017e\u00edvanie cookies m\u00f4\u017eete zak\u00e1za\u0165 prostredn\u00edctvom svojho prehliada\u010da, ale upozor\u0148ujeme, \u017ee na\u0161a webov\u00e1 str\u00e1nka u\u017e nemus\u00ed spr\u00e1vne fungova\u0165.<\/p>\n\n\n\n<p style=\"font-size:20px\"><strong>7.1 Spravujte nastavenia s\u00fahlasu <\/strong><\/p>\n\n\n\n<p><a href=\"https:\/\/Data.PatrikRosa.sk \u2013 Information is of great value_subory\" target=\"_blank\" rel=\"noreferrer noopener\">Nastavenia s\u00faborov cookie<\/a><\/p>\n\n\n\n<p style=\"font-size:25px\"><strong>8. Povolenie\/zak\u00e1zanie a vymazanie cookies <\/strong><\/p>\n\n\n\n<p>Na automatick\u00e9 alebo manu\u00e1lne vymazanie s\u00faborov cookie m\u00f4\u017eete pou\u017ei\u0165 svoj internetov\u00fd prehliada\u010d. M\u00f4\u017eete tie\u017e ur\u010di\u0165, \u017ee niektor\u00e9 s\u00fabory cookie nemusia by\u0165 umiestnen\u00e9. \u010eal\u0161ou mo\u017enos\u0165ou je zmeni\u0165 nastavenia internetov\u00e9ho prehliada\u010da tak, aby ste dost\u00e1vali spr\u00e1vu v\u017edy, ke\u010f je umiestnen\u00fd s\u00fabor cookie. \u010eal\u0161ie inform\u00e1cie o t\u00fdchto mo\u017enostiach n\u00e1jdete v \u010dasti Pomocn\u00edka v\u00e1\u0161ho prehliada\u010da. Upozor\u0148ujeme, \u017ee ak s\u00fa v\u0161etky s\u00fabory cookie zak\u00e1zan\u00e9, na\u0161a webov\u00e1 str\u00e1nka nemus\u00ed fungova\u0165 spr\u00e1vne. Ak vyma\u017eete s\u00fabory cookie vo svojom prehliada\u010di, bud\u00fa umiestnen\u00e9 znova po va\u0161om s\u00fahlase, ke\u010f znova nav\u0161t\u00edvite na\u0161u webov\u00fa str\u00e1nku.<\/p>\n\n\n\n<p style=\"font-size:25px\"><strong>9. Va\u0161e pr\u00e1va vo vz\u0165ahu k osobn\u00fdm \u00fadajom <\/strong><\/p>\n\n\n\n<p>V s\u00favislosti s va\u0161imi osobn\u00fdmi \u00fadajmi m\u00e1te nasleduj\u00face pr\u00e1va: <\/p>\n\n\n\n<ul class=\"wp-block-list\" style=\"font-size:20px\"><li>M\u00e1te pr\u00e1vo vedie\u0165, pre\u010do s\u00fa va\u0161e osobn\u00e9 \u00fadaje potrebn\u00e9, \u010do sa s nimi stane a ako dlho bud\u00fa uchov\u00e1van\u00e9. <\/li><li>Pr\u00e1vo na pr\u00edstup: M\u00e1te pr\u00e1vo na pr\u00edstup k svojim osobn\u00fdm \u00fadajom, ktor\u00e9 s\u00fa n\u00e1m zn\u00e1me.<\/li><li>Pr\u00e1vo na opravu: m\u00e1te pr\u00e1vo kedyko\u013evek doplni\u0165, opravi\u0165, vymaza\u0165 alebo zablokova\u0165 svoje osobn\u00e9 \u00fadaje. <\/li><li>Ak n\u00e1m udel\u00edte s\u00fahlas so spracovan\u00edm va\u0161ich \u00fadajov, m\u00e1te pr\u00e1vo tento s\u00fahlas odvola\u0165 a va\u0161e osobn\u00e9 \u00fadaje vymaza\u0165.<\/li><li>Pr\u00e1vo na prenosnos\u0165 \u00fadajov: m\u00e1te pr\u00e1vo po\u017eadova\u0165 od spr\u00e1vcu v\u0161etky va\u0161e osobn\u00e9 \u00fadaje a prenies\u0165 ich v celom rozsahu k in\u00e9mu prev\u00e1dzkovate\u013eovi.<\/li><li>Pr\u00e1vo namieta\u0165: m\u00f4\u017eete namieta\u0165 proti spracovaniu va\u0161ich \u00fadajov. Toto dodr\u017eiavame, pokia\u013e neexistuj\u00fa opr\u00e1vnen\u00e9 d\u00f4vody na spracovanie.<\/li><\/ul>\n\n\n\n<p>              Pre uplatnenie t\u00fdchto pr\u00e1v n\u00e1s pros\u00edm kontaktujte. Pozrite si kontaktn\u00e9 \u00fadaje v spodnej \u010dasti t\u00fdchto z\u00e1sad pou\u017e\u00edvania s\u00faborov cookie. Ak m\u00e1te s\u0165a\u017enos\u0165 na to, ako naklad\u00e1me s va\u0161imi \u00fadajmi, radi by sme od v\u00e1s po\u010duli, ale m\u00e1te tie\u017e pr\u00e1vo poda\u0165 s\u0165a\u017enos\u0165 dozorn\u00e9mu org\u00e1nu (\u00farad na ochranu \u00fadajov). <\/p>\n\n\n\n<p style=\"font-size:25px\"><strong>10.Nastavenie cookies vo webov\u00fdch prehliada\u010doch<\/strong><\/p>\n\n\n\n<p>Okrem toho r\u00f4zne prehliada\u010de poskytuj\u00fa r\u00f4zne sp\u00f4soby blokovania a odstra\u0148ovania s\u00faborov cookie pou\u017e\u00edvan\u00fdch webov\u00fdmi str\u00e1nkami. M\u00f4\u017eete zmeni\u0165 nastavenia svojho prehliada\u010da tak, aby blokoval\/vymaz\u00e1val cookies. Ni\u017e\u0161ie s\u00fa uveden\u00e9 odkazy na podporn\u00e9 dokumenty o tom, ako spravova\u0165 a odstra\u0148ova\u0165 s\u00fabory cookie z hlavn\u00fdch webov\u00fdch prehliada\u010dov.<\/p>\n\n\n\n<p>Chrome: <a href=\"https:\/\/support.google.com\/accounts\/answer\/32050\" target=\"_blank\" rel=\"noreferrer noopener\">https:\/\/support.google.com\/accounts\/answer\/32050<\/a><\/p>\n\n\n\n<p>Safari: <a href=\"https:\/\/support.apple.com\/en-in\/guide\/safari\/sfri11471\/mac\" target=\"_blank\" rel=\"noreferrer noopener\">https:\/\/support.apple.com\/en-in\/guide\/safari\/sfri11471\/mac<\/a><\/p>\n\n\n\n<p>Firefox: <a href=\"https:\/\/support.mozilla.org\/en-US\/kb\/clear-cookies-and-site-data-firefox?redirectslug=delete-cookies-remove-info-websites-stored&amp;redirectlocale=en-US\" target=\"_blank\" rel=\"noreferrer noopener\">https:\/\/support.mozilla.org\/en-US\/kb\/clear-cookies-and-site-data-firefox?redirectslug=delete-cookies-remove-info-websites-stored&amp;redirectlocale=en-US<\/a><\/p>\n\n\n\n<p>Internet Explorer: <a href=\"https:\/\/support.microsoft.com\/en-us\/topic\/how-to-delete-cookie-files-in-internet-explorer-bca9446f-d873-78de-77ba-d42645fa52fc\" target=\"_blank\" rel=\"noreferrer noopener\">https:\/\/support.microsoft.com\/en-us\/topic\/how-to-delete-cookie-files-in-internet-explorer-bca9446f-d873-78de-77ba-d42645fa52fc<\/a><\/p>\n\n\n\n<p>Ak pou\u017e\u00edvate ak\u00fdko\u013evek in\u00fd webov\u00fd prehliada\u010d, nav\u0161t\u00edvte ofici\u00e1lne dokumenty podpory v\u00e1\u0161ho prehliada\u010da.<\/p>\n\n\n\n<p style=\"font-size:25px\"><strong>11. Kontaktn\u00e9 \u00fadaje <\/strong><\/p>\n\n\n\n<p>Ak m\u00e1te ot\u00e1zky alebo pripomienky t\u00fdkaj\u00face sa na\u0161ich z\u00e1sad pou\u017e\u00edvania s\u00faborov cookie a tohto vyhl\u00e1senia, kontaktujte n\u00e1s pomocou nasleduj\u00facich kontaktn\u00fdch \u00fadajov: <\/p>\n\n\n\n<div class=\"wp-block-group is-vertical is-layout-flex wp-container-core-group-is-layout-8cf370e7 wp-block-group-is-layout-flex\">\n<p>Bc. Patrik Rosa <\/p>\n\n\n\n<p>Slovensko <\/p>\n\n\n\n<p>Webstr\u00e1nka: https:\/\/Data.PatrikRosa.sk<\/p>\n\n\n\n<p>E-mail:  GDPRcookie@PatrikRosa.sk <\/p>\n\n\n\n<p>Telef\u00f3nne \u010d\u00edslo: +421<\/p>\n<\/div>\n\n\n\n<p>Z\u00e1sady pou\u017e\u00edvania s\u00faborov cookie vytvoren\u00e9 spolo\u010dnos\u0165ou <a rel=\"noreferrer noopener\" href=\"https:\/\/www.cookieyes.com\/?utm_source=CP&amp;utm_medium=footer&amp;utm_campaign=UW\" target=\"_blank\">CookieYes &#8211; Cookie Policy Generator<\/a>.<\/p>\n\n\n\n<p><\/p>\n\n\n\n<p><\/p>\n\n\n\n<p><\/p>\n\n\n\n<p><\/p>\n\n\n\n<p><\/p>","protected":false},"excerpt":{"rendered":"<p>Effective Date: 14-Oct-2022Last Updated: 14-Oct-2022 This cookie policy was last updated on October 14, 2022 and applies to citizens and<\/p>\n<p><a href=\"https:\/\/data.patrikrosa.sk\/sk\/cookie-policy-eu\/\" class=\"more-link\">Continue reading<span class=\"screen-reader-text\">Z\u00e1sady pou\u017e\u00edvania s\u00faborov cookie (EU)<\/span><\/a><\/p>","protected":false},"author":1,"featured_media":0,"parent":0,"menu_order":0,"comment_status":"closed","ping_status":"closed","template":"","meta":{"footnotes":""},"class_list":["post-66","page","type-page","status-publish","hentry"],"_links":{"self":[{"href":"https:\/\/data.patrikrosa.sk\/sk\/wp-json\/wp\/v2\/pages\/66","targetHints":{"allow":["GET"]}}],"collection":[{"href":"https:\/\/data.patrikrosa.sk\/sk\/wp-json\/wp\/v2\/pages"}],"about":[{"href":"https:\/\/data.patrikrosa.sk\/sk\/wp-json\/wp\/v2\/types\/page"}],"author":[{"embeddable":true,"href":"https:\/\/data.patrikrosa.sk\/sk\/wp-json\/wp\/v2\/users\/1"}],"replies":[{"embeddable":true,"href":"https:\/\/data.patrikrosa.sk\/sk\/wp-json\/wp\/v2\/comments?post=66"}],"version-history":[{"count":8,"href":"https:\/\/data.patrikrosa.sk\/sk\/wp-json\/wp\/v2\/pages\/66\/revisions"}],"predecessor-version":[{"id":74,"href":"https:\/\/data.patrikrosa.sk\/sk\/wp-json\/wp\/v2\/pages\/66\/revisions\/74"}],"wp:attachment":[{"href":"https:\/\/data.patrikrosa.sk\/sk\/wp-json\/wp\/v2\/media?parent=66"}],"curies":[{"name":"wp","href":"https:\/\/api.w.org\/{rel}","templated":true}]}}